{"id":23,"date":"2020-06-13T08:53:19","date_gmt":"2020-06-13T08:53:19","guid":{"rendered":"https:\/\/wp.luminatrix.de\/?page_id=23"},"modified":"2024-02-07T18:00:55","modified_gmt":"2024-02-07T18:00:55","slug":"datenschutz","status":"publish","type":"page","link":"https:\/\/luminatrix.de\/?page_id=23","title":{"rendered":"Datenschutz"},"content":{"rendered":"\n<p class=\"has-text-align-right\">            <\/p>\n\n\n\n<p class=\"has-text-align-left\">Auf dieser privaten Internetseite werden keinerlei     personenbezogene Daten abgefragt oder gespeichert. Personenbezogene Daten sind alle Informationen, die sich auf eine identifizierte oder identifizierbare nat\u00fcrliche Person beziehen. Als identifizierbar wird eine nat\u00fcrliche Person angesehen, die direkt oder indirekt, insbesondere mittels Zuordnung zu einer Kennung wie einem Namen, zu einer Kennnummer, zu Standortdaten, zu einer Online-Kennung oder zu einem oder mehreren besonderen Merkmalen, die Ausdruck der physischen, physiologischen, genetischen, psychischen, wirtschaftlichen, kulturellen oder sozialen Identit\u00e4t dieser nat\u00fcrlichen Person sind, identifiziert werden kann.<\/p>\n\n\n\n<p>Es werden keine Newsletter verschickt. Es gibt kein G\u00e4stebuch. Es wurden bewu\u00dft keine Verlinkungen zu anderen Websites eingepflegt. Es ist kein Kontaktformular eingerichtet. Wer sich \u00fcber die E-Mailadresse unter HOME an mich wendet, erkl\u00e4rt sich damit einverstanden, das ich seine E-Mailadresse, oder eine angegebene Telefonnummer f\u00fcr eine Antwort, bzw. Kontaktaufnahme verwende. Auch diese Daten werden nicht gespeichert.<\/p>\n\n\n<div class=\"wp-block-image\">\n<figure class=\"aligncenter size-large is-resized\"><img loading=\"lazy\" decoding=\"async\" width=\"772\" height=\"1024\" src=\"https:\/\/luminatrix.de\/wp-content\/uploads\/2024\/02\/LX037-772x1024.jpg\" alt=\"\" class=\"wp-image-476\" style=\"width:84px;height:auto\" srcset=\"https:\/\/luminatrix.de\/wp-content\/uploads\/2024\/02\/LX037-772x1024.jpg 772w, https:\/\/luminatrix.de\/wp-content\/uploads\/2024\/02\/LX037-226x300.jpg 226w, https:\/\/luminatrix.de\/wp-content\/uploads\/2024\/02\/LX037-768x1018.jpg 768w, https:\/\/luminatrix.de\/wp-content\/uploads\/2024\/02\/LX037-87x116.jpg 87w, https:\/\/luminatrix.de\/wp-content\/uploads\/2024\/02\/LX037.jpg 791w\" sizes=\"auto, (max-width: 772px) 100vw, 772px\" \/><\/figure>\n<\/div>\n\n\n<div class=\"wp-block-columns is-layout-flex wp-container-core-columns-is-layout-9d6595d7 wp-block-columns-is-layout-flex\">\n<div class=\"wp-block-column is-layout-flow wp-block-column-is-layout-flow\" style=\"flex-basis:100%\"><\/div>\n<\/div>\n","protected":false},"excerpt":{"rendered":"<p>Auf dieser privaten Internetseite werden keinerlei personenbezogene Daten abgefragt oder gespeichert. Personenbezogene Daten sind alle Informationen, die sich auf eine identifizierte oder identifizierbare nat\u00fcrliche Person beziehen. Als identifizierbar wird eine nat\u00fcrliche Person angesehen, die direkt oder indirekt, insbesondere mittels Zuordnung zu einer Kennung wie einem Namen, zu einer Kennnummer, zu Standortdaten, zu einer Online-Kennung oder &hellip; <\/p>\n<p class=\"link-more\"><a href=\"https:\/\/luminatrix.de\/?page_id=23\" class=\"more-link\"><span class=\"screen-reader-text\">\u201eDatenschutz\u201c <\/span>weiterlesen<\/a><\/p>\n","protected":false},"author":2,"featured_media":0,"parent":0,"menu_order":0,"comment_status":"closed","ping_status":"closed","template":"","meta":{"footnotes":""},"class_list":["post-23","page","type-page","status-publish","hentry","entry"],"_links":{"self":[{"href":"https:\/\/luminatrix.de\/index.php?rest_route=\/wp\/v2\/pages\/23","targetHints":{"allow":["GET"]}}],"collection":[{"href":"https:\/\/luminatrix.de\/index.php?rest_route=\/wp\/v2\/pages"}],"about":[{"href":"https:\/\/luminatrix.de\/index.php?rest_route=\/wp\/v2\/types\/page"}],"author":[{"embeddable":true,"href":"https:\/\/luminatrix.de\/index.php?rest_route=\/wp\/v2\/users\/2"}],"replies":[{"embeddable":true,"href":"https:\/\/luminatrix.de\/index.php?rest_route=%2Fwp%2Fv2%2Fcomments&post=23"}],"version-history":[{"count":7,"href":"https:\/\/luminatrix.de\/index.php?rest_route=\/wp\/v2\/pages\/23\/revisions"}],"predecessor-version":[{"id":842,"href":"https:\/\/luminatrix.de\/index.php?rest_route=\/wp\/v2\/pages\/23\/revisions\/842"}],"wp:attachment":[{"href":"https:\/\/luminatrix.de\/index.php?rest_route=%2Fwp%2Fv2%2Fmedia&parent=23"}],"curies":[{"name":"wp","href":"https:\/\/api.w.org\/{rel}","templated":true}]}}