{"id":26,"date":"2020-06-13T08:53:19","date_gmt":"2020-06-13T08:53:19","guid":{"rendered":"https:\/\/wp.luminatrix.de\/?page_id=26"},"modified":"2024-06-11T16:30:02","modified_gmt":"2024-06-11T16:30:02","slug":"stargazer","status":"publish","type":"page","link":"https:\/\/luminatrix.de\/?page_id=26","title":{"rendered":"Stargazer"},"content":{"rendered":"\n<p>Faszination Sternenhimmel, wer kennt das nicht. Sternenklarer, dunkelblauer Himmel und unendlich viele helle Sterne. Wie ein dunkler Umhang, der von Nadelstichen \u00fcbers\u00e4t ist. Schon der Mond zieht die mei\u00dften Menschen in seinen Bann. Auf ihm kann man mit einem guten Fernglas einiges an Kratern und die skurrile Oberfl\u00e4che recht deutlich zu erkennen.<\/p>\n\n\n\n<p>In 2007 durch einen Kollegen infiziert, wurde mein erstes Teleskop ein blauer Newton Reflektor von Skywatcher. \u00d6ffnung 130mm, Brennweite 900mm. Ein preisg\u00fcnstiger Einstieg mit einfacher Nachf\u00fchrung an der parallaktischen Montierung auf einem leichten Aluminium Dreibeinstativ.<\/p>\n\n\n\n<p>Dazu ein paar g\u00fcnstige Okulare. Das ganze war das Ergebnis der \u00dcberlegung: Ja ich m\u00f6chte das machen, aber ich will nicht zu viel Geld ausgeben, f\u00fcr den Fall das mir das ganze doch nicht zusagt.<\/p>\n\n\n\n<p>So gro\u00df die Begeisterung zu Anfang auch war, kam dann auch schnell Zweifel die teilweise in Entt\u00e4uschung endeten.<\/p>\n\n\n\n<p>Der Mond war kein Problem, nach etwas \u00dcbung wurden auch Jupiter und Saturn gefunden. Allerdings pa\u00dfte das, was ich beobachtet hatte, nicht zu den Erz\u00e4hlungen des Kollegen und zu den Berichten aus den Foren im Internet.<\/p>\n\n\n\n<p>Schnell wurde klar, das es im Zubeh\u00f6r, hier die Okulare und der Okularauszug, enorme Unterschiede gibt. Bei dem Kollegen kostete ein Okular so viel wie bei mir das \u201cStarter-Set\u201c mit einem Okular. Kein Wunder also das mein verschwommenes Oval bei ihm der Saturn mit deutlich erkennbaren Ringen war.<\/p>\n\n\n\n<p>Nach knapp drei Jahren gab ich dann auf und verkaufte das Teleskop wieder. Ganz losgelassen hat mich das Thema dann aber doch nicht mehr. \u00a0Immer mal wieder habe ich in den Foren gelesen und bei den H\u00e4ndlern geschaut, was es so am Markt gibt.<\/p>\n\n\n\n<p>Ende 2014 habe ich einen Plan erstellt.<\/p>\n\n\n\n<p>Es sollte bei einem eventuell zweiten Versuch dann qualitativ besser und auch einfacher werden. Ich legte mir folgend Kriterien zurecht.<\/p>\n\n\n\n<p>Kein aufwendiges Ausrichten auf den Nordstern, eine gr\u00f6\u00dfere \u00d6ffnung, wieder mit Nachf\u00fchrung, bessere Okulare, einfacher zu transportieren, platzsparender zu lagern, kein gewaltiger Newton Reflektor, tauglich f\u00fcr Astrofotografie.<\/p>\n\n\n\n<p>Bei der Menge an professionellen Fotos, die man im Internet und in B\u00fcchern findet schraubt man seine Erwartungen viel zu hoch. Schnell verliert man die Relation und erwartet als Laie \u00e4hnliche spektakul\u00e4re Bilder von seinem Amateurteleskop. Wenn man sich an solchen Bildern orientiert, ist die Entt\u00e4uschung leider vorprogrammiert. Ein Lernproze\u00df, den man wohl durchlaufen muss. Geht man dann etwas abgekl\u00e4rter an die Sache ran, ist es ein verdammt interessantes Hobby.<\/p>\n\n\n\n<p>Mit etwas Geduld wird man viele interessante Stunden unter dem Nachthimmel verbringen. Mond, Planeten, Sternenhaufen und viele Messier-Objekte sind zu entdecken. Macht man sich klar, welche Dimensionen man mit dem Teleskop \u00fcberbr\u00fcckt ist die Faszination um so gr\u00f6\u00dfer.<\/p>\n\n\n\n<figure class=\"wp-block-image size-full\"><img loading=\"lazy\" decoding=\"async\" width=\"917\" height=\"759\" src=\"https:\/\/luminatrix.de\/wp-content\/uploads\/2024\/02\/LX100.jpg\" alt=\"\" class=\"wp-image-452\" srcset=\"https:\/\/luminatrix.de\/wp-content\/uploads\/2024\/02\/LX100.jpg 917w, https:\/\/luminatrix.de\/wp-content\/uploads\/2024\/02\/LX100-300x248.jpg 300w, https:\/\/luminatrix.de\/wp-content\/uploads\/2024\/02\/LX100-768x636.jpg 768w, https:\/\/luminatrix.de\/wp-content\/uploads\/2024\/02\/LX100-140x116.jpg 140w\" sizes=\"auto, (max-width: 917px) 100vw, 917px\" \/><\/figure>\n\n\n\n<p>Wichtig ist, einen wirklich dunklen Ort zu finden. Die \u201cLichtverschnutzung\u201c in den St\u00e4dten macht sich enorm bemerkbar. Nicht so stark bei den Klassikern Mond und Planeten, aber bei den Deep-Sky Objekten ist ein dunkler Ort erforderlich. Ausnahme der Orion Nebel M42.<\/p>\n\n\n\n<p>So gingen dann doch gute 4 Jahre ins Land, bis ich nach reichlichen \u00dcberlegungen einen Nachfolger bestellte.<\/p>\n\n\n\n<p>Meine Entscheidung fiel auf das GoTo Teleskop NexStar 8se des Herstellers Celestron. Acht Zoll, also 203 mm \u00d6ffnung, 2032 mm Brennweite, stabiles Stativ, die azimutale Montierung mit dem stabilen Edelstahlstativ nimmt auch die GoTo Steuerung auf, die nach kurzem parallelen Ausrichten zum Boden das Anfahren von ca. 40.000 Objekten erm\u00f6glicht. F\u00fcr einen gelegentlichen Sternegucker ein herrliches Teil.<\/p>\n\n\n\n<figure class=\"wp-block-image size-full\"><img loading=\"lazy\" decoding=\"async\" width=\"768\" height=\"1024\" src=\"https:\/\/luminatrix.de\/wp-content\/uploads\/2024\/02\/LX016.jpg\" alt=\"\" class=\"wp-image-440\" srcset=\"https:\/\/luminatrix.de\/wp-content\/uploads\/2024\/02\/LX016.jpg 768w, https:\/\/luminatrix.de\/wp-content\/uploads\/2024\/02\/LX016-225x300.jpg 225w, https:\/\/luminatrix.de\/wp-content\/uploads\/2024\/02\/LX016-87x116.jpg 87w\" sizes=\"auto, (max-width: 768px) 100vw, 768px\" \/><\/figure>\n\n\n\n<p>W\u00e4hrend der Corona Jahre hatte ich, wie viele andere auch, Zeit. Zeit mich viel intensiver mit meinem Hobby zu besch\u00e4ftigen. Neue Erkenntnisse: Die Astrofotografie mit einer digitalen Spiegelreflex ist nicht meine Welt. Was jetzt auch immer deutlicher wurde, das Stativ und die Nachf\u00fchrung vom Celestron Nexstar 8se sind gut, aber beim intensiven Schauen und bei Fotoversuchen merkt man, das Stativ ist nicht steif genug, die Nachf\u00fchrung k\u00f6nnte etwas weniger Getriebespiel haben und somit am Ende auch gerne etwas pr\u00e4ziser. Also wieder einen Plan schmieden.<\/p>\n\n\n\n<figure class=\"wp-block-gallery has-nested-images columns-default is-cropped wp-block-gallery-1 is-layout-flex wp-block-gallery-is-layout-flex\">\n<figure class=\"wp-block-image size-large\"><img loading=\"lazy\" decoding=\"async\" width=\"640\" height=\"480\" data-id=\"657\" src=\"https:\/\/luminatrix.de\/wp-content\/uploads\/2024\/02\/LX192.jpg\" alt=\"\" class=\"wp-image-657\" srcset=\"https:\/\/luminatrix.de\/wp-content\/uploads\/2024\/02\/LX192.jpg 640w, https:\/\/luminatrix.de\/wp-content\/uploads\/2024\/02\/LX192-300x225.jpg 300w, https:\/\/luminatrix.de\/wp-content\/uploads\/2024\/02\/LX192-155x116.jpg 155w\" sizes=\"auto, (max-width: 640px) 100vw, 640px\" \/><\/figure>\n\n\n\n<figure class=\"wp-block-image size-large\"><img loading=\"lazy\" decoding=\"async\" width=\"640\" height=\"480\" data-id=\"659\" src=\"https:\/\/luminatrix.de\/wp-content\/uploads\/2024\/02\/LX193.jpg\" alt=\"\" class=\"wp-image-659\" srcset=\"https:\/\/luminatrix.de\/wp-content\/uploads\/2024\/02\/LX193.jpg 640w, https:\/\/luminatrix.de\/wp-content\/uploads\/2024\/02\/LX193-300x225.jpg 300w, https:\/\/luminatrix.de\/wp-content\/uploads\/2024\/02\/LX193-155x116.jpg 155w\" sizes=\"auto, (max-width: 640px) 100vw, 640px\" \/><\/figure>\n\n\n\n<figure class=\"wp-block-image size-large\"><img loading=\"lazy\" decoding=\"async\" width=\"640\" height=\"480\" data-id=\"658\" src=\"https:\/\/luminatrix.de\/wp-content\/uploads\/2024\/02\/LX194.jpg\" alt=\"\" class=\"wp-image-658\" srcset=\"https:\/\/luminatrix.de\/wp-content\/uploads\/2024\/02\/LX194.jpg 640w, https:\/\/luminatrix.de\/wp-content\/uploads\/2024\/02\/LX194-300x225.jpg 300w, https:\/\/luminatrix.de\/wp-content\/uploads\/2024\/02\/LX194-155x116.jpg 155w\" sizes=\"auto, (max-width: 640px) 100vw, 640px\" \/><\/figure>\n<\/figure>\n\n\n\n<p>Erste Versuche zur Astrofotografie mit eine Skyris Okularkamera 618m und dem Laptop.<\/p>\n\n\n\n<p>Im Herbst 2022 wollte ich raus aus der Stadt und mal richtig im Dunkeln gucken. Ohne Lichtverschmutzung. Aber das gro\u00dfe 8 Zoll Teleskop \u201cmal eben\u201c an einen anderen Beobachtungsort, oder gar mit in den Urlaub nehmen, ist mit viel Aufwand verbunden. Also kam der Gedanke an ein kleines Reiseteleskop auf. Nach einigem Hin und Her kamen das Bresser Messier MCX-102 GoTo und das Celestron Nexstar 4Se GoTo in die engere Auswahl. Beide zu dem Zeitpunkt stark im Preis angehoben und mit Lieferzeiten von bis zu 3 Monaten belegt.<\/p>\n\n\n\n<p>Da das Nexstar 4Se \u00fcber den gleichen Hand Controller wie mein Nexstar 8Se verf\u00fcgt, entschied ich mich f\u00fcr ein zweites Celestron Teleskop. Ich fand ein kaum benutztes 4Se in originaler Verpackung mit etwas Zubeh\u00f6r, nur 25km entfernt. Preis akzeptabel, Zustand erstklassig. Gl\u00fcck gehabt.<\/p>\n\n\n\n<p>Faszinierend die Qualit\u00e4t der kleinen Maksutov Optik und beeindruckend was hier als Grundausstattung schon geboten wird. GoTo Steuerung mit bis zu 40.000 Objekten, Polh\u00f6henwiege f\u00fcr Langzeitbelichtungen im Edelstahlstativ integriert. Klappspiegel am Visual Back um r\u00fcckw\u00e4rtig eine Okularkamera und gleichzeitig von oben ein Okular zu verwenden.<\/p>\n\n\n\n<figure class=\"wp-block-gallery has-nested-images columns-default is-cropped wp-block-gallery-2 is-layout-flex wp-block-gallery-is-layout-flex\">\n<figure class=\"wp-block-image size-large\"><img loading=\"lazy\" decoding=\"async\" width=\"768\" height=\"1024\" data-id=\"822\" src=\"https:\/\/luminatrix.de\/wp-content\/uploads\/2024\/05\/LX197.jpg\" alt=\"\" class=\"wp-image-822\" srcset=\"https:\/\/luminatrix.de\/wp-content\/uploads\/2024\/05\/LX197.jpg 768w, https:\/\/luminatrix.de\/wp-content\/uploads\/2024\/05\/LX197-225x300.jpg 225w, https:\/\/luminatrix.de\/wp-content\/uploads\/2024\/05\/LX197-87x116.jpg 87w\" sizes=\"auto, (max-width: 768px) 100vw, 768px\" \/><\/figure>\n\n\n\n<figure class=\"wp-block-image size-large\"><img loading=\"lazy\" decoding=\"async\" width=\"768\" height=\"1024\" data-id=\"823\" src=\"https:\/\/luminatrix.de\/wp-content\/uploads\/2024\/05\/LX198.jpg\" alt=\"\" class=\"wp-image-823\" srcset=\"https:\/\/luminatrix.de\/wp-content\/uploads\/2024\/05\/LX198.jpg 768w, https:\/\/luminatrix.de\/wp-content\/uploads\/2024\/05\/LX198-225x300.jpg 225w, https:\/\/luminatrix.de\/wp-content\/uploads\/2024\/05\/LX198-87x116.jpg 87w\" sizes=\"auto, (max-width: 768px) 100vw, 768px\" \/><\/figure>\n<\/figure>\n\n\n\n<p>Der kleine standard Rotpunksucher ist ein netter Beipack, aber kaum zu gebrauchen. Ich habe hier mit wenigen Handgriffen einen 9 x 50 Sucher von Celestron mit beleuchtetem Fadenkreuz montiert. Zum Test den Fernsehturm in 3km Entfernung angepeilt und erste Fotos gemacht und den Sucher eingestellt. Die Klappsiegeleinrichtung ist v\u00f6llig ausreichend. Objekt anpeilen \/ Suchen mit bereits montierter Kamera \u00fcber das Okular \u2013 klick \u2013 Umschalten, fertig. Kein rumfummeln f\u00fcr den Wechsel von Okular zu Kamera.<\/p>\n\n\n\n<figure class=\"wp-block-gallery has-nested-images columns-default is-cropped wp-block-gallery-3 is-layout-flex wp-block-gallery-is-layout-flex\">\n<figure class=\"wp-block-image size-large\"><img loading=\"lazy\" decoding=\"async\" width=\"640\" height=\"480\" data-id=\"824\" src=\"https:\/\/luminatrix.de\/wp-content\/uploads\/2024\/05\/LX195.jpg\" alt=\"\" class=\"wp-image-824\" srcset=\"https:\/\/luminatrix.de\/wp-content\/uploads\/2024\/05\/LX195.jpg 640w, https:\/\/luminatrix.de\/wp-content\/uploads\/2024\/05\/LX195-300x225.jpg 300w, https:\/\/luminatrix.de\/wp-content\/uploads\/2024\/05\/LX195-155x116.jpg 155w\" sizes=\"auto, (max-width: 640px) 100vw, 640px\" \/><\/figure>\n\n\n\n<figure class=\"wp-block-image size-large\"><img loading=\"lazy\" decoding=\"async\" width=\"1024\" height=\"768\" data-id=\"825\" src=\"https:\/\/luminatrix.de\/wp-content\/uploads\/2024\/05\/LX196.jpg\" alt=\"\" class=\"wp-image-825\" srcset=\"https:\/\/luminatrix.de\/wp-content\/uploads\/2024\/05\/LX196.jpg 1024w, https:\/\/luminatrix.de\/wp-content\/uploads\/2024\/05\/LX196-300x225.jpg 300w, https:\/\/luminatrix.de\/wp-content\/uploads\/2024\/05\/LX196-768x576.jpg 768w, https:\/\/luminatrix.de\/wp-content\/uploads\/2024\/05\/LX196-155x116.jpg 155w\" sizes=\"auto, (max-width: 1024px) 100vw, 1024px\" \/><\/figure>\n<\/figure>\n\n\n\n<p>Im November 2023 dann, nach 13 Monaten Suche f\u00fcr eine stabile gebrauchte Montierung, fand ich eine Skywatcher AZ-EQ6 PRO. Zus\u00e4tzlich zur vorhandenen Skyris 618m wurde noch eine Explore Scientific 8.3 Farbkamera erworben.<\/p>\n\n\n\n<figure class=\"wp-block-gallery has-nested-images columns-default is-cropped wp-block-gallery-4 is-layout-flex wp-block-gallery-is-layout-flex\">\n<figure class=\"wp-block-image size-large\"><img loading=\"lazy\" decoding=\"async\" width=\"768\" height=\"1024\" data-id=\"788\" src=\"https:\/\/luminatrix.de\/wp-content\/uploads\/2024\/05\/LX218.jpg\" alt=\"\" class=\"wp-image-788\" srcset=\"https:\/\/luminatrix.de\/wp-content\/uploads\/2024\/05\/LX218.jpg 768w, https:\/\/luminatrix.de\/wp-content\/uploads\/2024\/05\/LX218-225x300.jpg 225w, https:\/\/luminatrix.de\/wp-content\/uploads\/2024\/05\/LX218-87x116.jpg 87w\" sizes=\"auto, (max-width: 768px) 100vw, 768px\" \/><\/figure>\n\n\n\n<figure class=\"wp-block-image size-large\"><img loading=\"lazy\" decoding=\"async\" width=\"768\" height=\"1024\" data-id=\"789\" src=\"https:\/\/luminatrix.de\/wp-content\/uploads\/2024\/05\/LX219.jpg\" alt=\"\" class=\"wp-image-789\" srcset=\"https:\/\/luminatrix.de\/wp-content\/uploads\/2024\/05\/LX219.jpg 768w, https:\/\/luminatrix.de\/wp-content\/uploads\/2024\/05\/LX219-225x300.jpg 225w, https:\/\/luminatrix.de\/wp-content\/uploads\/2024\/05\/LX219-87x116.jpg 87w\" sizes=\"auto, (max-width: 768px) 100vw, 768px\" \/><\/figure>\n<\/figure>\n\n\n\n<p>Ein echtes, stabiles Kraftpaket. Man kann in alle Ruhe Okulare Tauschen und es wackelt kaum etwas. Auch Wind der an den Kabel zupft nervt nicht mehr. Um entspannt in den Polsucher schauen zu k\u00f6nnen habe ich die Skywatcher S\u00e4ulenverl\u00e4ngerung eingesetzt. Die paar Zentimeter machen den Einblick in den Polsucher und auch in die Okulare wesentlich angenehmer. Kein n\u00e4chtlicher Kniefall, keine R\u00fcckenprobleme. So hat man das Stativ, bei fast allen Anwendungen, in der richtigen H\u00f6he, ohne die Beine ausgezogen zu haben. Also auch in der stabilsten Stellung!<\/p>\n\n\n\n<figure class=\"wp-block-gallery has-nested-images columns-default is-cropped wp-block-gallery-5 is-layout-flex wp-block-gallery-is-layout-flex\">\n<figure class=\"wp-block-image size-large\"><img loading=\"lazy\" decoding=\"async\" width=\"768\" height=\"1024\" data-id=\"790\" src=\"https:\/\/luminatrix.de\/wp-content\/uploads\/2024\/05\/LX226.jpg\" alt=\"\" class=\"wp-image-790\" srcset=\"https:\/\/luminatrix.de\/wp-content\/uploads\/2024\/05\/LX226.jpg 768w, https:\/\/luminatrix.de\/wp-content\/uploads\/2024\/05\/LX226-225x300.jpg 225w, https:\/\/luminatrix.de\/wp-content\/uploads\/2024\/05\/LX226-87x116.jpg 87w\" sizes=\"auto, (max-width: 768px) 100vw, 768px\" \/><\/figure>\n\n\n\n<figure class=\"wp-block-image size-large\"><img loading=\"lazy\" decoding=\"async\" width=\"768\" height=\"1024\" data-id=\"791\" src=\"https:\/\/luminatrix.de\/wp-content\/uploads\/2024\/05\/LX227.jpg\" alt=\"\" class=\"wp-image-791\" srcset=\"https:\/\/luminatrix.de\/wp-content\/uploads\/2024\/05\/LX227.jpg 768w, https:\/\/luminatrix.de\/wp-content\/uploads\/2024\/05\/LX227-225x300.jpg 225w, https:\/\/luminatrix.de\/wp-content\/uploads\/2024\/05\/LX227-87x116.jpg 87w\" sizes=\"auto, (max-width: 768px) 100vw, 768px\" \/><\/figure>\n<\/figure>\n\n\n\n<p>Hier ein Test mit zwei Teleskopen im AZ Mode. Die AZ-EQ6 PRO soll 20kg pro Seite tragen k\u00f6nnen, plus Gegengewichten! Der zweite Sattel wird bei Kauf mitgeliefert. Die Einstellung der H\u00f6he ist werkseitig vorgesehen, die seitlich leider nicht. Ich habe deswegen eine Halterung mit eine seitlichen Einstellm\u00f6glichkeit \u00fcber M5 Gewinde mit +\\-8\u00b0 gebaut. Funktioniert 1a.<\/p>\n\n\n\n<figure class=\"wp-block-gallery has-nested-images columns-default is-cropped wp-block-gallery-6 is-layout-flex wp-block-gallery-is-layout-flex\">\n<figure class=\"wp-block-image size-large\"><img loading=\"lazy\" decoding=\"async\" width=\"768\" height=\"1024\" data-id=\"792\" src=\"https:\/\/luminatrix.de\/wp-content\/uploads\/2024\/05\/LX229.jpg\" alt=\"\" class=\"wp-image-792\" srcset=\"https:\/\/luminatrix.de\/wp-content\/uploads\/2024\/05\/LX229.jpg 768w, https:\/\/luminatrix.de\/wp-content\/uploads\/2024\/05\/LX229-225x300.jpg 225w, https:\/\/luminatrix.de\/wp-content\/uploads\/2024\/05\/LX229-87x116.jpg 87w\" sizes=\"auto, (max-width: 768px) 100vw, 768px\" \/><\/figure>\n<\/figure>\n\n\n\n<p>So konnte ich mit dem 4 Zoll und einem 15mm Okular den \u00dcberblich behalten und mit dem 8 Zoll die Mondbilder machen. <\/p>\n\n\n\n<figure class=\"wp-block-gallery has-nested-images columns-default is-cropped wp-block-gallery-7 is-layout-flex wp-block-gallery-is-layout-flex\">\n<figure class=\"wp-block-image size-large\"><img loading=\"lazy\" decoding=\"async\" width=\"640\" height=\"480\" data-id=\"798\" src=\"https:\/\/luminatrix.de\/wp-content\/uploads\/2024\/05\/LX231.bmp\" alt=\"\" class=\"wp-image-798\" srcset=\"https:\/\/luminatrix.de\/wp-content\/uploads\/2024\/05\/LX231.bmp 640w, https:\/\/luminatrix.de\/wp-content\/uploads\/2024\/05\/LX231-300x225.jpg 300w, https:\/\/luminatrix.de\/wp-content\/uploads\/2024\/05\/LX231-155x116.jpg 155w\" sizes=\"auto, (max-width: 640px) 100vw, 640px\" \/><\/figure>\n\n\n\n<figure class=\"wp-block-image size-large\"><img loading=\"lazy\" decoding=\"async\" width=\"720\" height=\"480\" data-id=\"799\" src=\"https:\/\/luminatrix.de\/wp-content\/uploads\/2024\/05\/LX232.bmp\" alt=\"\" class=\"wp-image-799\" srcset=\"https:\/\/luminatrix.de\/wp-content\/uploads\/2024\/05\/LX232.bmp 720w, https:\/\/luminatrix.de\/wp-content\/uploads\/2024\/05\/LX232-300x200.jpg 300w, https:\/\/luminatrix.de\/wp-content\/uploads\/2024\/05\/LX232-174x116.jpg 174w\" sizes=\"auto, (max-width: 720px) 100vw, 720px\" \/><\/figure>\n<\/figure>\n\n\n\n<p>Die M\u00fche hat sich gelohnt. Ergebnis: Diese Beladung ist f\u00fcr die Montierung absolut kein Problem. An diesem Tag pr\u00e4zise Nachf\u00fchrung \u00fcber 3 Stunden.<\/p>\n\n\n\n<figure class=\"wp-block-image size-full\"><img loading=\"lazy\" decoding=\"async\" width=\"720\" height=\"480\" src=\"https:\/\/luminatrix.de\/wp-content\/uploads\/2024\/05\/LX230.bmp\" alt=\"\" class=\"wp-image-801\" srcset=\"https:\/\/luminatrix.de\/wp-content\/uploads\/2024\/05\/LX230.bmp 720w, https:\/\/luminatrix.de\/wp-content\/uploads\/2024\/05\/LX230-300x200.jpg 300w, https:\/\/luminatrix.de\/wp-content\/uploads\/2024\/05\/LX230-174x116.jpg 174w\" sizes=\"auto, (max-width: 720px) 100vw, 720px\" \/><\/figure>\n\n\n\n<p><strong>Thema Lichtverschmutzung:<\/strong><\/p>\n\n\n\n<p>Licht bedeutet f\u00fcr unseren Planeten Leben, das merken wir, wenn wir nach den grauen, kalten Wintermonaten im Fr\u00fchjahr wieder die ersten Sonnenstrahlen genie\u00dfen.<\/p>\n\n\n\n<p>Allerdings erzeugen wir seit Jahrzehnten soviel k\u00fcnstliches Licht, das es in unseren St\u00e4dten gar nicht mehr dunkel wird. Auch in den Randgebieten unserer St\u00e4dte findet man immer mehr dauerhaftes und unn\u00f6tiges Licht. Unsere Natur kommt nicht zur Ruhe. In unseren St\u00e4dten ist die Beobachtung des Sternenhimmels praktisch nicht mehr m\u00f6glich. Fahrt mal aus der Stadt raus, gebt euren Augen die Chance sich an die Dunkelheit zu gew\u00f6hnen, ca. 20 Minuten. Was ihr dort am Himmel erlebt ist durch die Lichtverschmutzung in der Stadt nicht mehr zu erkennen.<\/p>\n\n\n\n<p>Der Verlust von nat\u00fcrlicher Dunkelheit f\u00fchrt zu einer Sch\u00e4digung unserer Umwelt. Wir m\u00fcssen anfangen unn\u00f6tiges Licht zu vermeiden! Im privaten Bereich sind Bewegungsmelder eine einfache L\u00f6sung. Auch das ist aktiver Natur- &amp; Umweltschutz. Kommt noch hinzu das hier eine gro\u00dfe Menge Energie eingespart werden kann.<\/p>\n\n\n\n<p>Wer jetzt schmunzelt, kann gerne mal seine Lieblingssuchmaschine mit diesem Schlagwort f\u00fcttern . . . .<\/p>\n","protected":false},"excerpt":{"rendered":"<p>Faszination Sternenhimmel, wer kennt das nicht. Sternenklarer, dunkelblauer Himmel und unendlich viele helle Sterne. Wie ein dunkler Umhang, der von Nadelstichen \u00fcbers\u00e4t ist. Schon der Mond zieht die mei\u00dften Menschen in seinen Bann. Auf ihm kann man mit einem guten Fernglas einiges an Kratern und die skurrile Oberfl\u00e4che recht deutlich zu erkennen. In 2007 durch &hellip; <\/p>\n<p class=\"link-more\"><a href=\"https:\/\/luminatrix.de\/?page_id=26\" class=\"more-link\"><span class=\"screen-reader-text\">\u201eStargazer\u201c <\/span>weiterlesen<\/a><\/p>\n","protected":false},"author":2,"featured_media":0,"parent":0,"menu_order":0,"comment_status":"closed","ping_status":"closed","template":"","meta":{"footnotes":""},"class_list":["post-26","page","type-page","status-publish","hentry","entry"],"_links":{"self":[{"href":"https:\/\/luminatrix.de\/index.php?rest_route=\/wp\/v2\/pages\/26","targetHints":{"allow":["GET"]}}],"collection":[{"href":"https:\/\/luminatrix.de\/index.php?rest_route=\/wp\/v2\/pages"}],"about":[{"href":"https:\/\/luminatrix.de\/index.php?rest_route=\/wp\/v2\/types\/page"}],"author":[{"embeddable":true,"href":"https:\/\/luminatrix.de\/index.php?rest_route=\/wp\/v2\/users\/2"}],"replies":[{"embeddable":true,"href":"https:\/\/luminatrix.de\/index.php?rest_route=%2Fwp%2Fv2%2Fcomments&post=26"}],"version-history":[{"count":14,"href":"https:\/\/luminatrix.de\/index.php?rest_route=\/wp\/v2\/pages\/26\/revisions"}],"predecessor-version":[{"id":848,"href":"https:\/\/luminatrix.de\/index.php?rest_route=\/wp\/v2\/pages\/26\/revisions\/848"}],"wp:attachment":[{"href":"https:\/\/luminatrix.de\/index.php?rest_route=%2Fwp%2Fv2%2Fmedia&parent=26"}],"curies":[{"name":"wp","href":"https:\/\/api.w.org\/{rel}","templated":true}]}}