{"id":411,"date":"2023-12-04T19:17:20","date_gmt":"2023-12-04T19:17:20","guid":{"rendered":"https:\/\/wp.luminatrix.de\/?page_id=411"},"modified":"2024-06-11T16:32:41","modified_gmt":"2024-06-11T16:32:41","slug":"fuego-del-sol","status":"publish","type":"page","link":"https:\/\/luminatrix.de\/?page_id=411","title":{"rendered":"Fuego Del Sol"},"content":{"rendered":"\n<p>Fuego Del Sol, das Sonnenfeuer . . .Nach einigen Jahren des n\u00e4chtlichen Sterneguckens, vorwiegend in den kalten Monaten, kam die Frage auf, wie man das Teleskop h\u00e4ufiger und auch \u00fcber die Sommermonate nutzen k\u00f6nnte. F\u00fcr die Sonne? Nicht ungef\u00e4hrlich und mit einem gewissen Aufwand verbunden. Entweder Sonnenfilter f\u00fcr das 8 Zoll Teleskop und den Sucher anschaffen, oder ein Sonnenteleskop, ein sogenanntes H-Alpha Teleskop kaufen.<\/p>\n\n\n\n<p>Nach ersten Recherchen und der Frage an mich selbst, wie oft ich das dann nutzen w\u00fcrde, viel die Wahl auf einen Satz Filter. Nicht zuletzt wegen der hohen Preise f\u00fcr H-Alpha Teleskope.<\/p>\n\n\n\n<p>So gingen 3 Jahre ins Land. Die Sonne sieht man durch die Weisslichtfilter aus Glas, blass weiss-gelb bis weiss. Auch wenn auf der Sonne immer etwas los ist, so ist nicht immer etwas zu sehen. Die faszinierenden Protuberanzen \/ Fackeln, die von der Sonne aus bis 40.000km hoch und mit Durchmessern von auch mal 5000km ins All ragen, kann man so gar nicht sehen. Zum Gr\u00f6\u00dfenvergleich, unser blauer Planet hat mal gerade einen Durchmesser von 12.700km.<\/p>\n\n\n\n<p>Ende 2020 kam dann der Wunsch diese Ereignisse sehen zu k\u00f6nnen und nach etwas Farbe in den Bildern wieder st\u00e4rker durch. Auch war nun die Bereitschaft da, einen derartigen Preis f\u00fcr ein entsprechendes Teleskop auszugeben. Aber, nicht es blind zu kaufen und es gibt hier in Schleswig-Holstein kein Fachgesch\u00e4ft wo man mal schauen kann.<\/p>\n\n\n\n<p>Ich startete im Forum des Astro Treffs einen Aufruf, ob nicht jemand im Umfeld meiner Postleitzahl ein H-Alpha Teleskop habe und mir die M\u00f6glichkeit anbieten k\u00f6nnte, da mal durchzusehen. Eines mal vorab, die Dinger sind hier im Norden eher selten . . . .<\/p>\n\n\n\n<p>Aber es kam zu einem sehr netten Treffen an einem sonnigen Sonntag unter Einhaltung der CORONA Abstandsregeln. Und es kam zum Gl\u00fcck zu diesem Kontakt. Ich war begeistert und bekam eine Menge Infos. Im Laufe des Gespr\u00e4ches und beim \u00dcberdenken meiner geplanten Anschaffung auf dem R\u00fcckweg, stellte ich f\u00fcr mich fest es reicht auch ein kleines Sonnenteleskop.<\/p>\n\n\n\n<p>Bei gesch\u00e4tzten 8-10 Beobachtungen im Jahr und der Absicht \u201ceigentlich\u201d keine Fotos der Sonne zu machen entschied ich mich f\u00fcr den Kauf eines 40mm CORONADO P.S.T.`s<\/p>\n\n\n\n<figure class=\"wp-block-image size-full\"><img loading=\"lazy\" decoding=\"async\" width=\"1024\" height=\"768\" src=\"https:\/\/luminatrix.de\/wp-content\/uploads\/2024\/02\/LX153.jpg\" alt=\"\" class=\"wp-image-448\" srcset=\"https:\/\/luminatrix.de\/wp-content\/uploads\/2024\/02\/LX153.jpg 1024w, https:\/\/luminatrix.de\/wp-content\/uploads\/2024\/02\/LX153-300x225.jpg 300w, https:\/\/luminatrix.de\/wp-content\/uploads\/2024\/02\/LX153-768x576.jpg 768w, https:\/\/luminatrix.de\/wp-content\/uploads\/2024\/02\/LX153-155x116.jpg 155w\" sizes=\"auto, (max-width: 1024px) 100vw, 1024px\" \/><\/figure>\n\n\n\n<figure class=\"wp-block-image size-full\"><img loading=\"lazy\" decoding=\"async\" width=\"768\" height=\"1024\" src=\"https:\/\/luminatrix.de\/wp-content\/uploads\/2024\/02\/LX154.jpg\" alt=\"\" class=\"wp-image-449\" srcset=\"https:\/\/luminatrix.de\/wp-content\/uploads\/2024\/02\/LX154.jpg 768w, https:\/\/luminatrix.de\/wp-content\/uploads\/2024\/02\/LX154-225x300.jpg 225w, https:\/\/luminatrix.de\/wp-content\/uploads\/2024\/02\/LX154-87x116.jpg 87w\" sizes=\"auto, (max-width: 768px) 100vw, 768px\" \/><\/figure>\n\n\n\n<p>In den folgenden Wochen vor Weihnachten konnte ich das P.S.T, h\u00e4ufig nutzen. Faszinierend was man selbst durch dieses 40mm Teleskop schon alles sehen kann. Kommt noch dazu das wir 2021 in einen Zyklus der Sonne kamen, in dem viele Sonnenflecken und Ereignisse zu sehen sein werden. Das ist nicht immer der Fall. Dieser Zyklus betr\u00e4gt 11 Jahre!<\/p>\n\n\n\n<p>Also nicht nur ein guter Kauf, sondern auch ein Kauf zur richtigen Zeit.<\/p>\n\n\n\n<p>Mit ein wenig Anpassung kann das P.S.T. auch an der Montierung des gro\u00dfen Nexstar 8Se mit der Nachf\u00fchrung genutzt werden.<\/p>\n\n\n\n<p>Eine Sonnenblende erm\u00f6glich einen entspannten Einblick in das Okular und sorgt daf\u00fcr, das einem die Sonne nicht so auf die Stirn knallt.<\/p>\n\n\n\n<figure class=\"wp-block-image size-full\"><img loading=\"lazy\" decoding=\"async\" width=\"768\" height=\"1024\" src=\"https:\/\/luminatrix.de\/wp-content\/uploads\/2024\/02\/LX152.jpg\" alt=\"\" class=\"wp-image-450\" srcset=\"https:\/\/luminatrix.de\/wp-content\/uploads\/2024\/02\/LX152.jpg 768w, https:\/\/luminatrix.de\/wp-content\/uploads\/2024\/02\/LX152-225x300.jpg 225w, https:\/\/luminatrix.de\/wp-content\/uploads\/2024\/02\/LX152-87x116.jpg 87w\" sizes=\"auto, (max-width: 768px) 100vw, 768px\" \/><\/figure>\n\n\n\n<p>Die Faszination war gro\u00df. So oft hatte ich zuvor mein Teleskop noch nie benutzt! Ich war davon so angetan, das ich bereit war auch etwa mehr zu investieren.<\/p>\n\n\n\n<p>Ergebnis: Nur ein halbes Jahr sp\u00e4ter kaufte ich ein Ha-Alpha der Firma LUNT. Ein LUNT LS60 mit Feather Touch, Sonnensucher und einem 1200 Filter.<\/p>\n\n\n\n<p>Der Unterschied ist enorm! Mit einem entsprechenden Adapter kann ich auch das LUNT gut an der Montierung des gro\u00dfen Nexstar 8Se mit der Nachf\u00fchrung genutzt werden.<\/p>\n\n\n\n<p>Das P.S.T. bekam ich schnell verkauft. Ein kurzer Ausflug mit gro\u00dfer Begeisterung.<\/p>\n\n\n\n<figure class=\"wp-block-image size-full\"><img loading=\"lazy\" decoding=\"async\" width=\"768\" height=\"1024\" src=\"https:\/\/luminatrix.de\/wp-content\/uploads\/2024\/02\/LX186.jpg\" alt=\"\" class=\"wp-image-462\" srcset=\"https:\/\/luminatrix.de\/wp-content\/uploads\/2024\/02\/LX186.jpg 768w, https:\/\/luminatrix.de\/wp-content\/uploads\/2024\/02\/LX186-225x300.jpg 225w, https:\/\/luminatrix.de\/wp-content\/uploads\/2024\/02\/LX186-87x116.jpg 87w\" sizes=\"auto, (max-width: 768px) 100vw, 768px\" \/><\/figure>\n\n\n\n<figure class=\"wp-block-image size-full\"><img loading=\"lazy\" decoding=\"async\" width=\"768\" height=\"1024\" src=\"https:\/\/luminatrix.de\/wp-content\/uploads\/2024\/02\/LX187.jpg\" alt=\"\" class=\"wp-image-463\" srcset=\"https:\/\/luminatrix.de\/wp-content\/uploads\/2024\/02\/LX187.jpg 768w, https:\/\/luminatrix.de\/wp-content\/uploads\/2024\/02\/LX187-225x300.jpg 225w, https:\/\/luminatrix.de\/wp-content\/uploads\/2024\/02\/LX187-87x116.jpg 87w\" sizes=\"auto, (max-width: 768px) 100vw, 768px\" \/><\/figure>\n\n\n\n<figure class=\"wp-block-image size-full\"><img loading=\"lazy\" decoding=\"async\" width=\"768\" height=\"1024\" src=\"https:\/\/luminatrix.de\/wp-content\/uploads\/2024\/02\/LX210-1.jpg\" alt=\"\" class=\"wp-image-687\" srcset=\"https:\/\/luminatrix.de\/wp-content\/uploads\/2024\/02\/LX210-1.jpg 768w, https:\/\/luminatrix.de\/wp-content\/uploads\/2024\/02\/LX210-1-225x300.jpg 225w, https:\/\/luminatrix.de\/wp-content\/uploads\/2024\/02\/LX210-1-87x116.jpg 87w\" sizes=\"auto, (max-width: 768px) 100vw, 768px\" \/><\/figure>\n\n\n\n<p>Erste Versuche zur Astrofotografie mit einer Skyris Okularkamera 618m \u00fcber Laptop.<\/p>\n\n\n\n<figure class=\"wp-block-gallery has-nested-images columns-default is-cropped wp-block-gallery-1 is-layout-flex wp-block-gallery-is-layout-flex\">\n<figure class=\"wp-block-image size-large\"><img loading=\"lazy\" decoding=\"async\" width=\"640\" height=\"480\" data-id=\"653\" src=\"https:\/\/luminatrix.de\/wp-content\/uploads\/2024\/02\/LX190-1.jpg\" alt=\"\" class=\"wp-image-653\" srcset=\"https:\/\/luminatrix.de\/wp-content\/uploads\/2024\/02\/LX190-1.jpg 640w, https:\/\/luminatrix.de\/wp-content\/uploads\/2024\/02\/LX190-1-300x225.jpg 300w, https:\/\/luminatrix.de\/wp-content\/uploads\/2024\/02\/LX190-1-155x116.jpg 155w\" sizes=\"auto, (max-width: 640px) 100vw, 640px\" \/><\/figure>\n\n\n\n<figure class=\"wp-block-image size-large\"><img loading=\"lazy\" decoding=\"async\" width=\"640\" height=\"480\" data-id=\"654\" src=\"https:\/\/luminatrix.de\/wp-content\/uploads\/2024\/02\/LX189-2.jpg\" alt=\"\" class=\"wp-image-654\" srcset=\"https:\/\/luminatrix.de\/wp-content\/uploads\/2024\/02\/LX189-2.jpg 640w, https:\/\/luminatrix.de\/wp-content\/uploads\/2024\/02\/LX189-2-300x225.jpg 300w, https:\/\/luminatrix.de\/wp-content\/uploads\/2024\/02\/LX189-2-155x116.jpg 155w\" sizes=\"auto, (max-width: 640px) 100vw, 640px\" \/><\/figure>\n\n\n\n<figure class=\"wp-block-image size-large\"><img loading=\"lazy\" decoding=\"async\" width=\"640\" height=\"480\" data-id=\"655\" src=\"https:\/\/luminatrix.de\/wp-content\/uploads\/2024\/02\/LX191-1.jpg\" alt=\"\" class=\"wp-image-655\" srcset=\"https:\/\/luminatrix.de\/wp-content\/uploads\/2024\/02\/LX191-1.jpg 640w, https:\/\/luminatrix.de\/wp-content\/uploads\/2024\/02\/LX191-1-300x225.jpg 300w, https:\/\/luminatrix.de\/wp-content\/uploads\/2024\/02\/LX191-1-155x116.jpg 155w\" sizes=\"auto, (max-width: 640px) 100vw, 640px\" \/><\/figure>\n<\/figure>\n\n\n\n<p>Im November 2023 dann der Umstiege auf die neue Montierung, eine Skywatcher AZ-EQ6 PRO. Extrem stabil und sie kann, wie f\u00fcr mich bisher gewohnt, auch im AZ Mode verwendet werden. So kann ich jetzt mit einer Montierung tags\u00fcber die Sonne genie\u00dfen und nachts den Sternenhimmel. F\u00fcr die Deep Sky Fotografie ist der EQ Mode ja der bessere.<\/p>\n\n\n\n<figure class=\"wp-block-image size-full\"><img loading=\"lazy\" decoding=\"async\" width=\"768\" height=\"1024\" src=\"https:\/\/luminatrix.de\/wp-content\/uploads\/2024\/05\/LX228.jpg\" alt=\"\" class=\"wp-image-785\" srcset=\"https:\/\/luminatrix.de\/wp-content\/uploads\/2024\/05\/LX228.jpg 768w, https:\/\/luminatrix.de\/wp-content\/uploads\/2024\/05\/LX228-225x300.jpg 225w, https:\/\/luminatrix.de\/wp-content\/uploads\/2024\/05\/LX228-87x116.jpg 87w\" sizes=\"auto, (max-width: 768px) 100vw, 768px\" \/><\/figure>\n\n\n\n<figure class=\"wp-block-gallery has-nested-images columns-default is-cropped wp-block-gallery-2 is-layout-flex wp-block-gallery-is-layout-flex\">\n<figure class=\"wp-block-image size-large\"><img loading=\"lazy\" decoding=\"async\" width=\"720\" height=\"480\" data-id=\"795\" src=\"https:\/\/luminatrix.de\/wp-content\/uploads\/2024\/05\/LX233.bmp\" alt=\"\" class=\"wp-image-795\" srcset=\"https:\/\/luminatrix.de\/wp-content\/uploads\/2024\/05\/LX233.bmp 720w, https:\/\/luminatrix.de\/wp-content\/uploads\/2024\/05\/LX233-300x200.jpg 300w, https:\/\/luminatrix.de\/wp-content\/uploads\/2024\/05\/LX233-174x116.jpg 174w\" sizes=\"auto, (max-width: 720px) 100vw, 720px\" \/><\/figure>\n\n\n\n<figure class=\"wp-block-image size-large\"><img loading=\"lazy\" decoding=\"async\" width=\"720\" height=\"480\" data-id=\"794\" src=\"https:\/\/luminatrix.de\/wp-content\/uploads\/2024\/05\/LX234.bmp\" alt=\"\" class=\"wp-image-794\" srcset=\"https:\/\/luminatrix.de\/wp-content\/uploads\/2024\/05\/LX234.bmp 720w, https:\/\/luminatrix.de\/wp-content\/uploads\/2024\/05\/LX234-300x200.jpg 300w, https:\/\/luminatrix.de\/wp-content\/uploads\/2024\/05\/LX234-174x116.jpg 174w\" sizes=\"auto, (max-width: 720px) 100vw, 720px\" \/><\/figure>\n<\/figure>\n\n\n\n<p>Demn\u00e4chst dann auch in Farbe<\/p>\n","protected":false},"excerpt":{"rendered":"<p>Fuego Del Sol, das Sonnenfeuer . . .Nach einigen Jahren des n\u00e4chtlichen Sterneguckens, vorwiegend in den kalten Monaten, kam die Frage auf, wie man das Teleskop h\u00e4ufiger und auch \u00fcber die Sommermonate nutzen k\u00f6nnte. F\u00fcr die Sonne? Nicht ungef\u00e4hrlich und mit einem gewissen Aufwand verbunden. Entweder Sonnenfilter f\u00fcr das 8 Zoll Teleskop und den Sucher &hellip; <\/p>\n<p class=\"link-more\"><a href=\"https:\/\/luminatrix.de\/?page_id=411\" class=\"more-link\"><span class=\"screen-reader-text\">\u201eFuego Del Sol\u201c <\/span>weiterlesen<\/a><\/p>\n","protected":false},"author":2,"featured_media":0,"parent":0,"menu_order":0,"comment_status":"closed","ping_status":"closed","template":"","meta":{"footnotes":""},"class_list":["post-411","page","type-page","status-publish","hentry","entry"],"_links":{"self":[{"href":"https:\/\/luminatrix.de\/index.php?rest_route=\/wp\/v2\/pages\/411","targetHints":{"allow":["GET"]}}],"collection":[{"href":"https:\/\/luminatrix.de\/index.php?rest_route=\/wp\/v2\/pages"}],"about":[{"href":"https:\/\/luminatrix.de\/index.php?rest_route=\/wp\/v2\/types\/page"}],"author":[{"embeddable":true,"href":"https:\/\/luminatrix.de\/index.php?rest_route=\/wp\/v2\/users\/2"}],"replies":[{"embeddable":true,"href":"https:\/\/luminatrix.de\/index.php?rest_route=%2Fwp%2Fv2%2Fcomments&post=411"}],"version-history":[{"count":9,"href":"https:\/\/luminatrix.de\/index.php?rest_route=\/wp\/v2\/pages\/411\/revisions"}],"predecessor-version":[{"id":849,"href":"https:\/\/luminatrix.de\/index.php?rest_route=\/wp\/v2\/pages\/411\/revisions\/849"}],"wp:attachment":[{"href":"https:\/\/luminatrix.de\/index.php?rest_route=%2Fwp%2Fv2%2Fmedia&parent=411"}],"curies":[{"name":"wp","href":"https:\/\/api.w.org\/{rel}","templated":true}]}}